{"id":53,"date":"2026-02-22T16:37:38","date_gmt":"2026-02-22T16:37:38","guid":{"rendered":"https:\/\/hdmtess.shop\/?post_type=product&#038;p=53"},"modified":"2026-03-10T13:49:56","modified_gmt":"2026-03-10T13:49:56","slug":"cadre","status":"publish","type":"product","link":"https:\/\/hdmtess.shop\/?product=cadre","title":{"rendered":"Cadre d\u00e9coration lumineux\u00a0"},"content":{"rendered":"<p data-start=\"158\" data-end=\"441\">Apportez une touche d\u2019\u00e9l\u00e9gance et de modernit\u00e9 \u00e0 votre int\u00e9rieur avec ce magnifique cadre d\u00e9coratif lumineux. Son design unique repr\u00e9sente un salon moderne avec de grandes fen\u00eatres et un style minimaliste, sublim\u00e9 par un \u00e9clairage doux qui cr\u00e9e une ambiance chaleureuse et relaxante.<\/p>\n<p data-start=\"443\" data-end=\"701\">Gr\u00e2ce \u00e0 son \u00e9clairage int\u00e9gr\u00e9, ce cadre diffuse une lumi\u00e8re agr\u00e9able qui met en valeur les d\u00e9tails du dessin tout en servant de d\u00e9coration lumineuse pour votre maison. Il est parfait pour d\u00e9corer un salon, une chambre, un bureau ou m\u00eame un espace de travail.<\/p>\n<p data-start=\"703\" data-end=\"820\">Son cadre en bois naturel s\u2019int\u00e8gre facilement dans tous les styles d\u2019int\u00e9rieur : moderne, scandinave ou minimaliste.<\/p>\n<p data-start=\"822\" data-end=\"844\"><strong data-start=\"822\" data-end=\"844\">Caract\u00e9ristiques :<\/strong><\/p>\n<ul data-start=\"845\" data-end=\"1035\">\n<li data-section-id=\"16mne8g\" data-start=\"845\" data-end=\"877\">\n<p data-start=\"847\" data-end=\"877\">Design moderne et artistique<\/p>\n<\/li>\n<li data-section-id=\"17d9mb0\" data-start=\"878\" data-end=\"914\">\n<p data-start=\"880\" data-end=\"914\">\u00c9clairage LED doux et \u00e9conomique<\/p>\n<\/li>\n<li data-section-id=\"1uwitsl\" data-start=\"915\" data-end=\"940\">\n<p data-start=\"917\" data-end=\"940\">Cadre \u00e9l\u00e9gant en bois<\/p>\n<\/li>\n<li data-section-id=\"1leibj8\" data-start=\"941\" data-end=\"997\">\n<p data-start=\"943\" data-end=\"997\">Id\u00e9al pour la d\u00e9coration du salon, chambre ou bureau<\/p>\n<\/li>\n<li data-section-id=\"148oucy\" data-start=\"998\" data-end=\"1035\">\n<p data-start=\"1000\" data-end=\"1035\">Parfait comme id\u00e9e cadeau originale<\/p>\n<\/li>\n<\/ul>\n<p data-start=\"1037\" data-end=\"1177\">Transformez votre espace avec ce cadre lumineux qui allie <strong data-start=\"1095\" data-end=\"1125\">art, lumi\u00e8re et d\u00e9coration<\/strong> pour cr\u00e9er une atmosph\u00e8re unique dans votre maison.<\/p>\n","protected":false},"excerpt":{"rendered":"<p>Apportez une ambiance chaleureuse et \u00e9l\u00e9gante \u00e0 votre int\u00e9rieur avec ce magnifique <strong data-start=\"220\" data-end=\"248\">cadre d\u00e9coratif lumineux<\/strong>. Son design moderne et son \u00e9clairage LED doux cr\u00e9ent une atmosph\u00e8re relaxante parfaite pour le salon, la chambre ou le bureau. Une d\u00e9coration unique qui attire imm\u00e9diatement le regard et transforme votre espace.<\/p>\n","protected":false},"featured_media":108,"comment_status":"open","ping_status":"closed","template":"","meta":{"site-sidebar-layout":"default","site-content-layout":"","ast-site-content-layout":"default","site-content-style":"default","site-sidebar-style":"default","ast-global-header-display":"","ast-banner-title-visibility":"","ast-main-header-display":"","ast-hfb-above-header-display":"","ast-hfb-below-header-display":"","ast-hfb-mobile-header-display":"","site-post-title":"","ast-breadcrumbs-content":"","ast-featured-img":"","footer-sml-layout":"","ast-disable-related-posts":"","theme-transparent-header-meta":"default","adv-header-id-meta":"","stick-header-meta":"","header-above-stick-meta":"","header-main-stick-meta":"","header-below-stick-meta":"","astra-migrate-meta-layouts":"set","ast-page-background-enabled":"default","ast-page-background-meta":{"desktop":{"background-color":"var(--ast-global-color-5)","background-image":"","background-repeat":"repeat","background-position":"center center","background-size":"auto","background-attachment":"scroll","background-type":"","background-media":"","overlay-type":"","overlay-color":"","overlay-opacity":"","overlay-gradient":""},"tablet":{"background-color":"","background-image":"","background-repeat":"repeat","background-position":"center center","background-size":"auto","background-attachment":"scroll","background-type":"","background-media":"","overlay-type":"","overlay-color":"","overlay-opacity":"","overlay-gradient":""},"mobile":{"background-color":"","background-image":"","background-repeat":"repeat","background-position":"center center","background-size":"auto","background-attachment":"scroll","background-type":"","background-media":"","overlay-type":"","overlay-color":"","overlay-opacity":"","overlay-gradient":""}},"ast-content-background-meta":{"desktop":{"background-color":"var(--ast-global-color-4)","background-image":"","background-repeat":"repeat","background-position":"center center","background-size":"auto","background-attachment":"scroll","background-type":"","background-media":"","overlay-type":"","overlay-color":"","overlay-opacity":"","overlay-gradient":""},"tablet":{"background-color":"var(--ast-global-color-4)","background-image":"","background-repeat":"repeat","background-position":"center center","background-size":"auto","background-attachment":"scroll","background-type":"","background-media":"","overlay-type":"","overlay-color":"","overlay-opacity":"","overlay-gradient":""},"mobile":{"background-color":"var(--ast-global-color-4)","background-image":"","background-repeat":"repeat","background-position":"center center","background-size":"auto","background-attachment":"scroll","background-type":"","background-media":"","overlay-type":"","overlay-color":"","overlay-opacity":"","overlay-gradient":""}}},"product_brand":[],"product_cat":[22,18],"product_tag":[],"class_list":{"0":"post-53","1":"product","2":"type-product","3":"status-publish","4":"has-post-thumbnail","6":"product_cat-cadre-lumineux","7":"product_cat-uncategorized","8":"desktop-align-left","9":"tablet-align-left","10":"mobile-align-left","12":"first","13":"instock","14":"taxable","15":"shipping-taxable","16":"purchasable","17":"product-type-simple"},"jetpack_sharing_enabled":true,"_links":{"self":[{"href":"https:\/\/hdmtess.shop\/index.php?rest_route=\/wp\/v2\/product\/53","targetHints":{"allow":["GET"]}}],"collection":[{"href":"https:\/\/hdmtess.shop\/index.php?rest_route=\/wp\/v2\/product"}],"about":[{"href":"https:\/\/hdmtess.shop\/index.php?rest_route=\/wp\/v2\/types\/product"}],"replies":[{"embeddable":true,"href":"https:\/\/hdmtess.shop\/index.php?rest_route=%2Fwp%2Fv2%2Fcomments&post=53"}],"wp:featuredmedia":[{"embeddable":true,"href":"https:\/\/hdmtess.shop\/index.php?rest_route=\/wp\/v2\/media\/108"}],"wp:attachment":[{"href":"https:\/\/hdmtess.shop\/index.php?rest_route=%2Fwp%2Fv2%2Fmedia&parent=53"}],"wp:term":[{"taxonomy":"product_brand","embeddable":true,"href":"https:\/\/hdmtess.shop\/index.php?rest_route=%2Fwp%2Fv2%2Fproduct_brand&post=53"},{"taxonomy":"product_cat","embeddable":true,"href":"https:\/\/hdmtess.shop\/index.php?rest_route=%2Fwp%2Fv2%2Fproduct_cat&post=53"},{"taxonomy":"product_tag","embeddable":true,"href":"https:\/\/hdmtess.shop\/index.php?rest_route=%2Fwp%2Fv2%2Fproduct_tag&post=53"}],"curies":[{"name":"wp","href":"https:\/\/api.w.org\/{rel}","templated":true}]}}